{"id":1110,"date":"2009-11-21T18:09:14","date_gmt":"2009-11-21T17:09:14","guid":{"rendered":"http:\/\/www.ivo-s.de\/wp\/?page_id=1110"},"modified":"2018-01-07T13:21:18","modified_gmt":"2018-01-07T12:21:18","slug":"kontakte","status":"publish","type":"page","link":"https:\/\/www.ivo-s.de\/wp\/kontakte\/","title":{"rendered":"Kontakte"},"content":{"rendered":"<ul>\n<li>Mail: <a title=\"[GMCP] Compose a new mail to ivo@ivo-s.de\" href=\"mailto:ivo@ivo-s.de\" rel=\"noreferrer\">ivo@ivo-s.de<\/a><br \/>\nim Zweifel immer per Mail<\/li>\n<li>Twitter:\u00a0<a href=\"http:\/\/twitter.com\/ivos\">ivos<\/a>\u00a0(meistens)<\/li>\n<li><del>facebook:\u00a0<a href=\"http:\/\/www.facebook.com\/ivo.schwalbe\">ivo.schwalbe<\/a>\u00a0(selten\u00a0immer \u00f6fter)<\/del> 24.01.17: Tsch\u00fc\u00df!<\/li>\n<li><del>flickr:\u00a0<a href=\"http:\/\/www.flickr.com\/photos\/abulafia2\/\">abulafia2<\/a>\u00a0(Viele unn\u00fctze Bilder gibt&#8217;s hier zu sehen!)<\/del><\/li>\n<li><del>Picasa-Webalbum:\u00a0<a href=\"http:\/\/picasaweb.google.com\/ivo.schwalbe\">ivo.schwalbe<\/a>\u00a0(Viele tolle Bilder gibt es hier zu sehen. Die meisten aber nicht public.)<\/del><\/li>\n<li><del>delicious:\u00a0<a href=\"http:\/\/delicious.com\/ivo.schwalbe\">ivo.schwalbe<\/a>\u00a0(Exzessiv!)<\/del><\/li>\n<li><a href=\"https:\/\/www.amazon.de\/registry\/wishlist\/X1EKS3FSZKF\">Amazon-Wishlist<\/a>\u00a0:-)<\/li>\n<li><del>ICQ: 142323769\u00a0immer Online :-)<\/del> R.I.P.<\/li>\n<li><del>Google Talk: ivo.schwalbe@gmail.com\u00a0immer Online<\/del> R.I.P.<\/li>\n<li><del>Google Wave: ivo.schwalbe@googlewave.com<br \/>\nBitte, bitte! Schreibt mich an!<\/del> R.I.P.<\/li>\n<li><del>Google Reader: <a href=\"http:\/\/www.google.com\/reader\/shared\/ivo.schwalbe\">ivo.schwalbe<\/a>\u00a0<\/del>R.I.P.<\/li>\n<li><del><span style=\"line-height: 1.5em;\">GPG\/PGP-ID: 1024D\/470CBDB9<br \/>\n<\/span>Fingerprint: 94E4 7C69 1FB2 6B72 FF95 AFB4 92EB 333D 470C BDB9<br \/>\n<\/del>Schl\u00fcssel zur\u00fcckgezogen, wegen zu klein:\u00a0<a href=\"http:\/\/pgp.mit.edu\/pks\/lookup?op=vindex&amp;search=0x92EB333D470CBDB9\">http:\/\/pgp.mit.edu\/pks\/lookup?op=vindex&amp;search=0x92EB333D470CBDB9<\/a><\/li>\n<li><strong>GPG\/PGP neu ab 08.01.2014:<\/strong><br \/>\n<strong>ID:<\/strong>\u00a03498B80B (4096-Bit, RSA)<br \/>\n<strong>Fingerprint:<\/strong>\u00a0EBA404344656898563A13E496E0C51723498B80B<br \/>\n<strong>local file:<\/strong>\u00a0<a href=\"http:\/\/www.ivo-s.de\/pubkey-ivo@ivo-s.de.asc\">pubkey-ivo@ivo-s.de.asc<\/a><br \/>\n<strong>Server:<\/strong>\u00a0<a href=\"http:\/\/pgp.mit.edu\/pks\/lookup?op=vindex&amp;search=0x6E0C51723498B80B\">http:\/\/pgp.mit.edu\/pks\/lookup?op=vindex&amp;search=0x6E0C51723498B80B<br \/>\n<\/a><br \/>\n<strong>\u00dcbersicht:<\/strong>\u00a0<a href=\"http:\/\/pgp.mit.edu\/pks\/lookup?search=ivo+schwalbe&amp;op=index\">http:\/\/pgp.mit.edu\/pks\/lookup?search=ivo+schwalbe&amp;op=index<\/a><\/li>\n<\/ul>\n","protected":false},"excerpt":{"rendered":"<p>Mail: ivo@ivo-s.de im Zweifel immer per Mail Twitter:\u00a0ivos\u00a0(meistens) facebook:\u00a0ivo.schwalbe\u00a0(selten\u00a0immer \u00f6fter) 24.01.17: Tsch\u00fc\u00df! flickr:\u00a0abulafia2\u00a0(Viele unn\u00fctze Bilder gibt&#8217;s hier zu sehen!) Picasa-Webalbum:\u00a0ivo.schwalbe\u00a0(Viele tolle Bilder gibt es hier zu sehen. Die meisten aber nicht public.) delicious:\u00a0ivo.schwalbe\u00a0(Exzessiv!) Amazon-Wishlist\u00a0:-) ICQ: 142323769\u00a0immer Online :-) R.I.P. Google Talk: ivo.schwalbe@gmail.com\u00a0immer Online R.I.P. Google Wave: ivo.schwalbe@googlewave.com Bitte, bitte! Schreibt mich an! R.I.P. Google Reader: &hellip; <a href=\"https:\/\/www.ivo-s.de\/wp\/kontakte\/\" class=\"more-link\"><span class=\"screen-reader-text\">Kontakte<\/span> weiterlesen<\/a><\/p>\n","protected":false},"author":2,"featured_media":0,"parent":0,"menu_order":0,"comment_status":"open","ping_status":"open","template":"","meta":{"footnotes":""},"class_list":["post-1110","page","type-page","status-publish","hentry"],"_links":{"self":[{"href":"https:\/\/www.ivo-s.de\/wp\/wp-json\/wp\/v2\/pages\/1110","targetHints":{"allow":["GET"]}}],"collection":[{"href":"https:\/\/www.ivo-s.de\/wp\/wp-json\/wp\/v2\/pages"}],"about":[{"href":"https:\/\/www.ivo-s.de\/wp\/wp-json\/wp\/v2\/types\/page"}],"author":[{"embeddable":true,"href":"https:\/\/www.ivo-s.de\/wp\/wp-json\/wp\/v2\/users\/2"}],"replies":[{"embeddable":true,"href":"https:\/\/www.ivo-s.de\/wp\/wp-json\/wp\/v2\/comments?post=1110"}],"version-history":[{"count":33,"href":"https:\/\/www.ivo-s.de\/wp\/wp-json\/wp\/v2\/pages\/1110\/revisions"}],"predecessor-version":[{"id":1454,"href":"https:\/\/www.ivo-s.de\/wp\/wp-json\/wp\/v2\/pages\/1110\/revisions\/1454"}],"wp:attachment":[{"href":"https:\/\/www.ivo-s.de\/wp\/wp-json\/wp\/v2\/media?parent=1110"}],"curies":[{"name":"wp","href":"https:\/\/api.w.org\/{rel}","templated":true}]}}